{"id":8694,"date":"2021-07-28T12:22:45","date_gmt":"2021-07-28T10:22:45","guid":{"rendered":"http:\/\/www.paej-lepassage.fr\/?page_id=8694"},"modified":"2022-03-04T11:20:39","modified_gmt":"2022-03-04T10:20:39","slug":"campagne-de-sensibilisation","status":"publish","type":"page","link":"https:\/\/www.paej-lepassage.fr\/?page_id=8694","title":{"rendered":"Campagne de sensibilisation"},"content":{"rendered":"[vc_row][vc_column][mk_fancy_title strip_tags=\u00a0\u00bbtrue\u00a0\u00bb color=\u00a0\u00bb#fcb400&Prime; size=\u00a0\u00bb30&Prime; force_font_size=\u00a0\u00bbtrue\u00a0\u00bb size_smallscreen=\u00a0\u00bb30&Prime; size_tablet=\u00a0\u00bb30&Prime; size_phone=\u00a0\u00bb30&Prime; font_weight=\u00a0\u00bb900&Prime; font_style=\u00a0\u00bbitalic\u00a0\u00bb letter_spacing=\u00a0\u00bb1&Prime; font_family=\u00a0\u00bbnone\u00a0\u00bb drop_shadow=\u00a0\u00bbtrue\u00a0\u00bb shadow_color=\u00a0\u00bb#fcb400&Prime;]\n<h2><strong><em>Le suicide, en parler c&rsquo;est d\u00e9j\u00e0 agir\u00a0<\/em><\/strong><\/h2>\n[\/mk_fancy_title][vc_column_text]Depuis 2007,\u00a0<strong>le Point Accueil \u00c9coute Jeunes<\/strong>\u00a0(PAEJ) en partenariat avec Catherine FAMIN, psychologue clinicienne \u00e0 l\u2019<strong>Unit\u00e9 d\u2019Accueil des Urgences Psychiatriques<\/strong>\u00a0(UAUP) de Carpentras propose une Commission Technique de R\u00e9flexion sur la question du\u00a0<strong>mal \u00eatre et de la probl\u00e9matique suicidaire des adolescent\u00b7e\u00b7s et jeunes adultes.<\/strong><\/p>\n<p>Elle vise \u00e0 favoriser l<strong>\u2019information et la sensibilisation<\/strong>\u00a0des professionnel\u00b7le\u00b7s et des publics pour un meilleur rep\u00e9rage et accompagnement des personnes en situation de crise suicidaire.<\/p>\n<p>Cette commission est constitu\u00e9e de professionnel\u00b7le\u00b7s du secteur sanitaire, social et \u00e9ducatif du territoire qui s\u2019engagent \u00e0 r\u00e9fl\u00e9chir ensemble sur leur pratique professionnelle et mettent en place une action de sensibilisation collective.<\/p>\n<p>Durant l\u2019ann\u00e9e 2020-2021, partant du constat que le suicide reste un sujet tabou et qu\u2019il existe peu ou pas\u00a0 de pr\u00e9vention \u00e0 ce sujet en France, les professionnel\u00b7le\u00b7s de la commission ont d\u00e9cid\u00e9 d\u2019\u00e9laborer une campagne de sensibilisation \u00e0 vis\u00e9e d\u00e9partementale et en direction de tous publics.<\/p>\n<p><strong>L\u2019objectif de la campagne est double, lever le tabou qui frappe encore le suicide\u00a0<em>(Le suicide<\/em>, e<em>n parler c\u2019est d\u00e9j\u00e0 agir)<\/em>\u00a0et d\u00e9construire certaines id\u00e9es re\u00e7ues r\u00e9pandues autour du sujet.<\/strong>\u00a0Ainsi, chaque affiche a pour sujet une de ces id\u00e9es re\u00e7ues.<\/p>\n<p>La campagne a \u00e9t\u00e9 r\u00e9alis\u00e9e en collaboration avec l\u2019\u00e9cole de jeux vid\u00e9o de Carpentras<a href=\"https:\/\/www.esagames.fr\/\"> <span style=\"text-decoration: underline;\"><strong><span style=\"color: #3366ff; text-decoration: underline;\">ESA Game<\/span><\/strong>,<\/span><\/a> dont les \u00e9tudiant\u00b7e\u00b7s de 1ere ann\u00e9e et leur professeur de dessin, ont con\u00e7u des panneaux signal\u00e9tiques s\u2019inspirant notamment du travail de l\u2019artiste contemporain\u00a0belge, <strong><span style=\"color: #3366ff;\"><a style=\"color: #3366ff;\" href=\"https:\/\/www.instagram.com\/lord_of_terrils\/?hl=fr\"><span style=\"text-decoration: underline;\">J\u00e9r\u00f4me Consid\u00e9rant<\/span><\/a><\/span><\/strong><em><span style=\"color: #3366ff;\"><a style=\"color: #3366ff;\" href=\"https:\/\/www.instagram.com\/lord_of_terrils\/?hl=fr\"><span style=\"text-decoration: underline;\">.<\/span><\/a><\/span><\/em><\/p>\n<p>J\u00e9r\u00f4me Consid\u00e9rant, a par ailleurs cr\u00e9\u00e9 le panneau de la premi\u00e8re affiche (voir ci-dessous).<\/p>\n<p>Nous remercions, vivement, tous ceux et celles qui ont \u0153uvr\u00e9 \u00e0 l\u2019\u00e9laboration de cette campagne qui, nous l\u2019esp\u00e9rons, participera \u00e0 une pr\u00e9vention efficiente du suicide.<img loading=\"lazy\" decoding=\"async\" class=\"wp-image-8856 alignright\" src=\"http:\/\/www.paej-lepassage.fr\/wp-content\/uploads\/2021\/07\/qr-code-suicide-300x300.png\" alt=\"\" width=\"131\" height=\"131\" srcset=\"https:\/\/www.paej-lepassage.fr\/wp-content\/uploads\/2021\/07\/qr-code-suicide.png 300w, https:\/\/www.paej-lepassage.fr\/wp-content\/uploads\/2021\/07\/qr-code-suicide-150x150.png 150w, https:\/\/www.paej-lepassage.fr\/wp-content\/uploads\/2021\/07\/qr-code-suicide-60x60.png 60w\" sizes=\"auto, (max-width: 131px) 100vw, 131px\" \/>[\/vc_column_text][vc_empty_space][mk_button size=\u00a0\u00bbmedium\u00a0\u00bb icon=\u00a0\u00bbmk-icon-paperclip\u00a0\u00bb url=\u00a0\u00bbhttp:\/\/www.paej-lepassage.fr\/wp-content\/uploads\/2022\/01\/flyer_page-0001.jpg\u00a0\u00bb align=\u00a0\u00bbcenter\u00a0\u00bb bg_color=\u00a0\u00bb#dd9933&Prime;]T\u00e9l\u00e9charger le flyer de pr\u00e9sentation de la campagne et des affiches &#8211; Page 1[\/mk_button][mk_button size=\u00a0\u00bbmedium\u00a0\u00bb icon=\u00a0\u00bbmk-icon-paperclip\u00a0\u00bb url=\u00a0\u00bbhttp:\/\/www.paej-lepassage.fr\/wp-content\/uploads\/2022\/01\/flyer_page-0002.jpg\u00a0\u00bb align=\u00a0\u00bbcenter\u00a0\u00bb bg_color=\u00a0\u00bb#dd9933&Prime;]T\u00e9l\u00e9charger le flyer de pr\u00e9sentation de la campagne et des affiches- Page 2[\/mk_button][vc_empty_space][\/vc_column][\/vc_row][vc_row][vc_column][mk_fancy_title strip_tags=\u00a0\u00bbtrue\u00a0\u00bb color=\u00a0\u00bb#fcb400&Prime; size=\u00a0\u00bb30&Prime; force_font_size=\u00a0\u00bbtrue\u00a0\u00bb size_smallscreen=\u00a0\u00bb30&Prime; size_tablet=\u00a0\u00bb30&Prime; size_phone=\u00a0\u00bb30&Prime; font_weight=\u00a0\u00bb900&Prime; font_style=\u00a0\u00bbitalic\u00a0\u00bb letter_spacing=\u00a0\u00bb1&Prime; font_family=\u00a0\u00bbnone\u00a0\u00bb drop_shadow=\u00a0\u00bbtrue\u00a0\u00bb shadow_color=\u00a0\u00bb#fcb400&Prime;]\n<h2>Campagne\u00a0de pr\u00e9vention<\/h2>\n[\/mk_fancy_title][vc_empty_space height=\u00a0\u00bb50px\u00a0\u00bb][\/vc_column][vc_column][vc_row_inner][vc_column_inner width=\u00a0\u00bb1\/2&Prime;][vc_single_image image=\u00a0\u00bb8865&Prime; img_size=\u00a0\u00bb794&#215;1122&Prime; alignment=\u00a0\u00bbcenter\u00a0\u00bb onclick=\u00a0\u00bbimg_link_large\u00a0\u00bb title=\u00a0\u00bbAffiche 1 : Id\u00e9e re\u00e7ue n\u00b01&Prime;][mk_button size=\u00a0\u00bbmedium\u00a0\u00bb icon=\u00a0\u00bbmk-icon-paperclip\u00a0\u00bb url=\u00a0\u00bbhttp:\/\/www.paej-lepassage.fr\/wp-content\/uploads\/2021\/07\/affiche-1-png.png\u00a0\u00bb bg_color=\u00a0\u00bb#dd9933&Prime;]T\u00e9l\u00e9charger l&rsquo;affiche pour l&rsquo;imprimer[\/mk_button][\/vc_column_inner][vc_column_inner width=\u00a0\u00bb1\/2&Prime;][vc_column_text]D\u2019apr\u00e8s les chiffres, sur 10 personnes qui se suicident, 8 donnent des messages ou des signes sur leur intention, si minimes soient-ils.<\/p>\n<p>Le suicide est l&rsquo;aboutissement d&rsquo;un processus \u00e9volutif, temporel et r\u00e9versible. Il est marqu\u00e9 par l&rsquo;apparition d&rsquo;id\u00e9es suicidaires d&rsquo;abord passives, puis de plus en plus actives et envahissantes jusqu&rsquo;\u00e0 l&rsquo;\u00e9laboration d&rsquo;un sc\u00e9nario. Tout au long de ce processus, la personne suicidaire exprime des messages parfois difficiles \u00e0 d\u00e9coder et \u00e9met des indices \u00e9vocateurs de son \u00e9tat de crise et de son besoin d&rsquo;aide.<\/p>\n<p>Et cela peut prendre diff\u00e9rentes formes. Ce peut \u00eatre des messages verbaux directs (\u00ab je n\u2019ai plus le go\u00fbt de vivre \u00bb, \u00ab je vais en finir avec tout \u00e7a \u00bb \u2026), mais aussi indirects (\u00ab je suis \u00e0 bout \u00bb, \u00ab je n\u2019en peux plus \u00bb, \u00ab j\u2019ai peur de ce que je vais faire \u00bb, \u00ab bient\u00f4t vous allez avoir la paix \u00bb\u2026). Plus globalement la personne exprime des sentiments de d\u00e9sespoir ou\u00a0d&rsquo;absence d&rsquo;issue et d&rsquo;incapacit\u00e9 \u00e0 faire face plus longtemps \u00e0 une douleur insupportable, parfois m\u00eame d&rsquo;\u00eatre un fardeau pour les autres\u2026<\/p>\n<p>Mais ce sont aussi des indices comportementaux (changement radical d\u2019attitudes, dons d\u2019objets significatifs, diminution de la performance scolaire ou au travail, retrait, isolement, modification des habitudes alimentaires, hygi\u00e9niques, vestimentaires, consommations excessives d\u2019alcool de drogues ou m\u00e9dicaments, des prises de risque excessives, etc.\u2026), ou encore des indices \u00e9motifs (d\u00e9sint\u00e9r\u00eat, perte de plaisir, de d\u00e9sir, tristesse, pleurs, anxi\u00e9t\u00e9, fatigue, apathie, d\u00e9couragement, sentiment d\u2019\u00e9chec et d\u2019inutilit\u00e9, manque d\u2019estime de soi, d\u00e9valorisation, incoh\u00e9rence, brusques changements de l\u2019humeur, agressivit\u00e9, \u00e9motions contradictoires et changeantes, etc.\u2026 ).<\/p>\n<p>Ces signes montrent un \u00e9tat de souffrance et de d\u00e9tresse. En eux-m\u00eames, ils ne d\u00e9terminent pas un \u00e9tat suicidaire certain, mais une fragilisation qu\u2019il convient de prendre en compte.<\/p>\n<p>On peut parfois s&rsquo;illusionner face \u00e0 une am\u00e9lioration brutale chez une personne qui vient de traverser une longue p\u00e9riode de souffrance. Elle peut se sentir soulag\u00e9e d&rsquo;avoir pris la d\u00e9cision d&rsquo;en finir.<\/p>\n[\/vc_column_text][\/vc_column_inner][\/vc_row_inner][vc_separator][vc_row_inner column_padding=\u00a0\u00bb2&Prime;][vc_column_inner width=\u00a0\u00bb1\/2&Prime;][vc_single_image image=\u00a0\u00bb8932&Prime; img_size=\u00a0\u00bb794&#215;1122&Prime; alignment=\u00a0\u00bbcenter\u00a0\u00bb onclick=\u00a0\u00bbimg_link_large\u00a0\u00bb title=\u00a0\u00bbAffiche 2 : Id\u00e9e re\u00e7ue n\u00b02&Prime;][mk_button size=\u00a0\u00bbmedium\u00a0\u00bb icon=\u00a0\u00bbmk-icon-paperclip\u00a0\u00bb url=\u00a0\u00bbhttp:\/\/www.paej-lepassage.fr\/wp-content\/uploads\/2021\/09\/affiche-2-png.png\u00a0\u00bb bg_color=\u00a0\u00bb#dd9933&Prime;]T\u00e9l\u00e9charger l&rsquo;affiche pour l&rsquo;imprimer[\/mk_button][\/vc_column_inner][vc_column_inner width=\u00a0\u00bb1\/2&Prime;][vc_column_text]\n<p style=\"text-align: left;\">Au quotidien, dans ses relations avec son entourage, chaque personne peut aider un proche confront\u00e9 \u00e0 la souffrance, avec\u00a0bienveillance et empathie.<\/p>\n<p style=\"text-align: left;\">Dans tous les cas, si l\u2019on pense qu\u2019une personne ne va pas bien, il faut faire confiance \u00e0 son instinct tout en veillant \u00e0 respecter ses propres limites.<\/p>\n<p style=\"text-align: left;\">Bien que la question du suicide puisse sembler difficile \u00e0 aborder et d\u00e9passer nos comp\u00e9tences, les \u00e9tudes montrent qu\u2019en \u00e9tablissant des liens les uns avec les autres, nous pouvons avoir un impact salvateur sur les personnes qui envisagent de se suicider. (Retrouver des informations dans la rubrique <strong><span style=\"color: #3366ff;\">\u00ab\u00a0<a style=\"color: #3366ff;\" href=\"http:\/\/www.paej-lepassage.fr\/?page_id=8690\">vous \u00eates inquiet\u00b7\u00e8te pour un proche<\/a>\u00a0\u00bb<\/span><\/strong><span style=\"color: #3366ff;\"><span style=\"color: #000000;\">)<\/span><\/span><\/p>\n[\/vc_column_text][\/vc_column_inner][\/vc_row_inner][vc_separator][vc_row_inner][vc_column_inner width=\u00a0\u00bb1\/2&Prime;][vc_single_image image=\u00a0\u00bb8933&Prime; img_size=\u00a0\u00bb794&#215;1122&Prime; alignment=\u00a0\u00bbcenter\u00a0\u00bb onclick=\u00a0\u00bbimg_link_large\u00a0\u00bb title=\u00a0\u00bbAffiche 3 : Id\u00e9e re\u00e7ue n\u00b03&Prime;][mk_button size=\u00a0\u00bbmedium\u00a0\u00bb icon=\u00a0\u00bbmk-icon-paperclip\u00a0\u00bb url=\u00a0\u00bbhttp:\/\/www.paej-lepassage.fr\/wp-content\/uploads\/2021\/09\/affiche-3-png.png\u00a0\u00bb bg_color=\u00a0\u00bb#dd9933&Prime;]T\u00e9l\u00e9charger l&rsquo;affiche pour l&rsquo;imprimer[\/mk_button][\/vc_column_inner][vc_column_inner width=\u00a0\u00bb1\/2&Prime;][vc_column_text]Demander directement si une personne songe au suicide, ce n\u2019est pas lui sugg\u00e9rer l\u2019id\u00e9e, mais lui ouvrir la porte \u00e0 l\u2019expression de sa souffrance. Parler du suicide \u00e0 quelqu\u2019un qui va mal n\u2019a jamais contribu\u00e9 \u00e0 un passage \u00e0 l\u2019acte suicidaire. Au contraire, c\u2019est l\u2019occasion pour la personne en souffrance de se sentir entendue, comprise\u00a0et ainsi faciliter une demande d\u2019aide et de soutien.<\/p>\n<p>Les personnes en crise suicidaire sont soulag\u00e9es de pouvoir partager le fardeau de telles pens\u00e9es.<\/p>\n<p>Il est important de parler du suicide mais pas n\u2019importe comment. On doit \u00e9viter de banaliser le sujet, de mettre au d\u00e9fi une personne de se suicider ou de louanger quelqu\u2019un qui s\u2019est suicid\u00e9 en qualifiant son geste d\u2019h\u00e9ro\u00efque.[\/vc_column_text][\/vc_column_inner][\/vc_row_inner][vc_separator][vc_row_inner][vc_column_inner width=\u00a0\u00bb1\/2&Prime;][vc_single_image image=\u00a0\u00bb8934&Prime; img_size=\u00a0\u00bb794&#215;1122&Prime; alignment=\u00a0\u00bbcenter\u00a0\u00bb onclick=\u00a0\u00bbimg_link_large\u00a0\u00bb title=\u00a0\u00bbAffiche 4 : Id\u00e9e re\u00e7ue n\u00b04&Prime;][mk_button size=\u00a0\u00bbmedium\u00a0\u00bb icon=\u00a0\u00bbmk-icon-paperclip\u00a0\u00bb url=\u00a0\u00bbhttp:\/\/www.paej-lepassage.fr\/wp-content\/uploads\/2021\/09\/affiche-4-png.png\u00a0\u00bb bg_color=\u00a0\u00bb#dd9933&Prime;]T\u00e9l\u00e9charger l&rsquo;affiche pour l&rsquo;imprimer[\/mk_button][\/vc_column_inner][vc_column_inner width=\u00a0\u00bb1\/2&Prime;][vc_column_text]Le suicide est la cons\u00e9quence de souffrances v\u00e9cues comme intol\u00e9rables.<\/p>\n<p>La personne ne choisit pas de mourir mais elle cherche \u00e0 ne plus souffrir. L\u2019\u00e9tat psychologique dans lequel elle se trouve alors, ne lui permet pas, la plupart du temps, d\u2019acc\u00e9der \u00e0 une vision tr\u00e8s objective de la situation dans laquelle elle se trouve. La lassitude de vivre est alors li\u00e9e \u00e0 une impression de perte de place et d&rsquo;identit\u00e9, d&rsquo;inutilit\u00e9, accompagn\u00e9e d&rsquo;une d\u00e9t\u00e9rioration de l&rsquo;estime de soi.<\/p>\n<p>La personne qui pense au suicide se sent dans une impasse et consid\u00e8re qu\u2019elle n\u2019a pas d&rsquo;autre choix pour mettre fin \u00e0 sa souffrance. Il est donc important de montrer \u00e0 son ami, son fr\u00e8re ou sa s\u0153ur, son coll\u00e8gue etc.\u2026 qu\u2019on est pr\u00e9sent pour lui ou pour elle.[\/vc_column_text][\/vc_column_inner][\/vc_row_inner][vc_separator][vc_row_inner][vc_column_inner width=\u00a0\u00bb1\/2&Prime;][vc_single_image image=\u00a0\u00bb8935&Prime; img_size=\u00a0\u00bb794&#215;1122&Prime; alignment=\u00a0\u00bbcenter\u00a0\u00bb onclick=\u00a0\u00bbimg_link_large\u00a0\u00bb title=\u00a0\u00bbAffiche 5 : Id\u00e9e re\u00e7ue n\u00b05&Prime;][mk_button size=\u00a0\u00bbmedium\u00a0\u00bb icon=\u00a0\u00bbmk-icon-paperclip\u00a0\u00bb url=\u00a0\u00bbhttp:\/\/www.paej-lepassage.fr\/wp-content\/uploads\/2021\/09\/affiche-5-png.png\u00a0\u00bb bg_color=\u00a0\u00bb#dd9933&Prime;]T\u00e9l\u00e9charger l&rsquo;affiche pour l&rsquo;imprimer[\/mk_button][\/vc_column_inner][vc_column_inner width=\u00a0\u00bb1\/2&Prime;][vc_column_text]Quand on\u00a0parle de suicide en terme de courage ou de l\u00e2chet\u00e9, on \u00e9met un jugement moral sur le geste suicidaire.<\/p>\n<p>Or, il est avant tout un acte de d\u00e9sespoir, commis par une personne en grande souffrance, qui n&rsquo;a pas trouv\u00e9 d&rsquo;autre solution pour y mettre fin.[\/vc_column_text][\/vc_column_inner][\/vc_row_inner][vc_separator][vc_column_text]Source :<\/p>\n<p><span style=\"text-decoration: underline;\"><span style=\"color: #3366ff;\"><strong><a style=\"color: #3366ff; text-decoration: underline;\" href=\"https:\/\/www.infosuicide.org\/\">https:\/\/www.infosuicide.org\/<\/a> <\/strong><\/span><\/span><span style=\"color: #3366ff;\"><strong><span style=\"color: #000000;\">&lt; cliquez pour aller plus loin<\/span><\/strong><\/span>[\/vc_column_text][\/vc_column][\/vc_row][vc_row][vc_column][vc_separator][\/vc_column][\/vc_row][vc_row][vc_column][mk_fancy_title strip_tags=\u00a0\u00bbtrue\u00a0\u00bb color=\u00a0\u00bb#fcb400&Prime; size=\u00a0\u00bb30&Prime; force_font_size=\u00a0\u00bbtrue\u00a0\u00bb size_smallscreen=\u00a0\u00bb30&Prime; size_tablet=\u00a0\u00bb30&Prime; size_phone=\u00a0\u00bb30&Prime; font_weight=\u00a0\u00bb900&Prime; font_style=\u00a0\u00bbitalic\u00a0\u00bb letter_spacing=\u00a0\u00bb1&Prime; font_family=\u00a0\u00bbnone\u00a0\u00bb drop_shadow=\u00a0\u00bbtrue\u00a0\u00bb shadow_color=\u00a0\u00bb#fcb400&Prime;]Notre spot de pr\u00e9vention[\/mk_fancy_title][mk_audio mp3_file=\u00a0\u00bbhttp:\/\/www.paej-lepassage.fr\/wp-content\/uploads\/2022\/03\/160222-rtv-le-passage.mp3&Prime;][\/vc_column][\/vc_row]\n","protected":false},"excerpt":{"rendered":"<p>[vc_row][vc_column][mk_fancy_title strip_tags=\u00a0\u00bbtrue\u00a0\u00bb color=\u00a0\u00bb#fcb400&Prime; size=\u00a0\u00bb30&Prime; force_font_size=\u00a0\u00bbtrue\u00a0\u00bb size_smallscreen=\u00a0\u00bb30&Prime; size_tablet=\u00a0\u00bb30&Prime; size_phone=\u00a0\u00bb30&Prime; font_weight=\u00a0\u00bb900&Prime; font_style=\u00a0\u00bbitalic\u00a0\u00bb letter_spacing=\u00a0\u00bb1&Prime; font_family=\u00a0\u00bbnone\u00a0\u00bb drop_shadow=\u00a0\u00bbtrue\u00a0\u00bb shadow_color=\u00a0\u00bb#fcb400&Prime;] Le suicide, en parler c&rsquo;est d\u00e9j\u00e0 agir\u00a0 [\/mk_fancy_title][vc_column_text]Depuis 2007,\u00a0le Point Accueil \u00c9coute Jeunes\u00a0(PAEJ) en partenariat avec Catherine FAMIN, psychologue clinicienne \u00e0 l\u2019Unit\u00e9 d\u2019Accueil des Urgences Psychiatriques\u00a0(UAUP) de Carpentras propose une Commission Technique de R\u00e9flexion sur la question du\u00a0mal \u00eatre et de [&hellip;]<\/p>\n","protected":false},"author":2,"featured_media":0,"parent":0,"menu_order":0,"comment_status":"closed","ping_status":"closed","template":"","meta":{"_monsterinsights_skip_tracking":false,"_monsterinsights_sitenote_active":false,"_monsterinsights_sitenote_note":"","_monsterinsights_sitenote_category":0,"footnotes":""},"class_list":["post-8694","page","type-page","status-publish","hentry"],"_links":{"self":[{"href":"https:\/\/www.paej-lepassage.fr\/index.php?rest_route=\/wp\/v2\/pages\/8694","targetHints":{"allow":["GET"]}}],"collection":[{"href":"https:\/\/www.paej-lepassage.fr\/index.php?rest_route=\/wp\/v2\/pages"}],"about":[{"href":"https:\/\/www.paej-lepassage.fr\/index.php?rest_route=\/wp\/v2\/types\/page"}],"author":[{"embeddable":true,"href":"https:\/\/www.paej-lepassage.fr\/index.php?rest_route=\/wp\/v2\/users\/2"}],"replies":[{"embeddable":true,"href":"https:\/\/www.paej-lepassage.fr\/index.php?rest_route=%2Fwp%2Fv2%2Fcomments&post=8694"}],"version-history":[{"count":95,"href":"https:\/\/www.paej-lepassage.fr\/index.php?rest_route=\/wp\/v2\/pages\/8694\/revisions"}],"predecessor-version":[{"id":9098,"href":"https:\/\/www.paej-lepassage.fr\/index.php?rest_route=\/wp\/v2\/pages\/8694\/revisions\/9098"}],"wp:attachment":[{"href":"https:\/\/www.paej-lepassage.fr\/index.php?rest_route=%2Fwp%2Fv2%2Fmedia&parent=8694"}],"curies":[{"name":"wp","href":"https:\/\/api.w.org\/{rel}","templated":true}]}}