{"id":8690,"date":"2021-07-28T12:18:22","date_gmt":"2021-07-28T10:18:22","guid":{"rendered":"http:\/\/www.paej-lepassage.fr\/?page_id=8690"},"modified":"2022-07-27T09:38:48","modified_gmt":"2022-07-27T07:38:48","slug":"vous-etes-inquie-te-pour-un-proche","status":"publish","type":"page","link":"https:\/\/www.paej-lepassage.fr\/?page_id=8690","title":{"rendered":"Vous \u00eates inquiet\u00b7\u00e8te pour un proche"},"content":{"rendered":"[vc_row][vc_column][mk_fancy_title tag_name=\u00a0\u00bbh5&Prime; size=\u00a0\u00bb35&Prime; line_height=\u00a0\u00bb65&Prime; font_weight=\u00a0\u00bb900&Prime; font_style=\u00a0\u00bbnormal\u00a0\u00bb txt_transform=\u00a0\u00bbnone\u00a0\u00bb font_family=\u00a0\u00bbnone\u00a0\u00bb align=\u00a0\u00bbcenter\u00a0\u00bb]\n<p style=\"text-align: left;\">Vous \u00eates\u00a0inquiet\u00b7\u00e8te pour un proche*<\/p>\n[\/mk_fancy_title][vc_empty_space height=\u00a0\u00bb25px\u00a0\u00bb][mk_custom_list style=\u00a0\u00bbmk-moon-arrow-right-18&Prime; icon_color=\u00a0\u00bb#5cd606&Prime; animation=\u00a0\u00bbleft-to-right\u00a0\u00bb]Si vous connaissez quelqu\u2019un qui\u00a0montre des signes de mal-\u00eatre, qui parle de suicide, vous vous demandez peut-\u00eatre comment l\u2019aider.<\/p>\n<p>Selon les expert\u00b7e\u00b7s en pr\u00e9vention du suicide, une des meilleures fa\u00e7ons d\u2019aider une personne \u00e0 risque est d\u2019entamer une conversation sur le suicide et de soutenir la personne \u00e0 rechercher une aide adapt\u00e9e.<\/p>\n<p>Pourtant, beaucoup d\u2019entre nous n&rsquo;osent pas entamer la conversation de peur de mal faire. Dans les faits, il n\u2019est pas n\u00e9cessaire d\u2019\u00eatre un\u00b7e professionnel\u00b7le qualifi\u00e9\u00b7e pour aider.<\/p>\n<p>Tout le monde a un r\u00f4le \u00e0 jouer dans la pr\u00e9vention du suicide.\u00a0 <strong>Faites confiance \u00e0 votre instinct,<\/strong> si vous \u00eates inquiet\u00b7\u00e8te pour quelqu\u2019un, vous pouvez agir de mani\u00e8re efficace \u00e0 votre niveau.<\/p>\n<p>Porter attention \u00e0 une personne qui souffre est d\u00e9j\u00e0 une premi\u00e8re \u00e9tape. Cela peut sembler une petite chose, mais de simples actes (\u00e9couter, poser des questions&#8230;) peuvent avoir un r\u00e9el impact. Le fait de s\u2019occuper les uns des autres r\u00e9duit le risque de suicide.<\/p>\n<p>Plus vous intervenez t\u00f4t plus votre action pourra contribuer \u00e0 r\u00e9duire la douleur de la personne.<\/p>\n<p>Si vous ne vous sentez pas assez \u00e0 l\u2019aise pour aborder le sujet, vous ne trouvez pas le bon moment, le bon endroit&#8230;vous pouvez demander de l&rsquo;aide \u00e0 un\u00b7e adulte si vous \u00eates mineur\u00b7e ou \u00e0 un\u00b7e professionnel\u00b7le.<\/p>\n<p>Dans tous les cas ne restez pas seul.e face \u00e0 la situation :<strong> <a href=\"http:\/\/www.paej-lepassage.fr\/?page_id=8630\">rendez-vous sur la page des contacts et num\u00e9ros utiles\u00a0<\/a><\/strong><\/p>\n<p>&nbsp;<\/p>\n<p><em><strong>COMMENT EN PARLER\u00a0?<\/strong><\/em><\/p>\n<ul>\n<li>Tentez d\u2019\u00e9tablir un climat de confiance et choisissez un moment pour aborder la question.<\/li>\n<li>Restez vous-m\u00eame. Il n\u2019est pas n\u00e9cessaire d\u2019\u00eatre intervenant\u00b7e pour aborder le sujet.<\/li>\n<li>Essayez de comprendre la personne en lui demandant ce qu\u2019elle vit, en l\u2019amenant \u00e0 verbaliser ce qui ne va pas.<\/li>\n<li>\u00c9coutez-la sans jugement et avec ouverture. Prenez-la au s\u00e9rieux en lui disant que vous vous inqui\u00e9tez pour elle.<\/li>\n<li>Posez-lui la question directement : \u00ab Penses-tu au suicide? \u00bb. Cela vous aidera \u00e0 avoir une id\u00e9e claire de la situation et des intentions de la personne. En le demandant directement, vous ne lui sugg\u00e9rez pas l\u2019id\u00e9e, vous ouvrez la porte \u00e0 l\u2019expression de sa souffrance. Si elle pense au suicide, elle pourra se sentir d\u00e9j\u00e0 soulag\u00e9e de le confier.<\/li>\n<li>Dites-lui qu\u2019elle a eu raison de vous faire confiance et qu\u2019elle peut compter sur vous, que vous allez chercher avec elle une ressource qui peut l\u2019aider.<\/li>\n<\/ul>\n<p>&nbsp;<\/p>\n<p>*Source :\u00a0<a href=\"https:\/\/www.infosuicide.org\/urgences-aide-ressources\/comment-aider-un-proche\/\"><em>infosuicide.org\u00a0<\/em><\/a>[\/mk_custom_list][\/vc_column][\/vc_row][vc_row][vc_column][\/vc_column][\/vc_row]\n","protected":false},"excerpt":{"rendered":"<p>[vc_row][vc_column][mk_fancy_title tag_name=\u00a0\u00bbh5&Prime; size=\u00a0\u00bb35&Prime; line_height=\u00a0\u00bb65&Prime; font_weight=\u00a0\u00bb900&Prime; font_style=\u00a0\u00bbnormal\u00a0\u00bb txt_transform=\u00a0\u00bbnone\u00a0\u00bb font_family=\u00a0\u00bbnone\u00a0\u00bb align=\u00a0\u00bbcenter\u00a0\u00bb] Vous \u00eates\u00a0inquiet\u00b7\u00e8te pour un proche* [\/mk_fancy_title][vc_empty_space height=\u00a0\u00bb25px\u00a0\u00bb][mk_custom_list style=\u00a0\u00bbmk-moon-arrow-right-18&Prime; icon_color=\u00a0\u00bb#5cd606&Prime; animation=\u00a0\u00bbleft-to-right\u00a0\u00bb]Si vous connaissez quelqu\u2019un qui\u00a0montre des signes de mal-\u00eatre, qui parle de suicide, vous vous demandez peut-\u00eatre comment l\u2019aider. Selon les expert\u00b7e\u00b7s en pr\u00e9vention du suicide, une des meilleures fa\u00e7ons d\u2019aider une personne \u00e0 risque est d\u2019entamer [&hellip;]<\/p>\n","protected":false},"author":2,"featured_media":0,"parent":0,"menu_order":0,"comment_status":"closed","ping_status":"closed","template":"","meta":{"_monsterinsights_skip_tracking":false,"_monsterinsights_sitenote_active":false,"_monsterinsights_sitenote_note":"","_monsterinsights_sitenote_category":0,"footnotes":""},"class_list":["post-8690","page","type-page","status-publish","hentry"],"_links":{"self":[{"href":"https:\/\/www.paej-lepassage.fr\/index.php?rest_route=\/wp\/v2\/pages\/8690","targetHints":{"allow":["GET"]}}],"collection":[{"href":"https:\/\/www.paej-lepassage.fr\/index.php?rest_route=\/wp\/v2\/pages"}],"about":[{"href":"https:\/\/www.paej-lepassage.fr\/index.php?rest_route=\/wp\/v2\/types\/page"}],"author":[{"embeddable":true,"href":"https:\/\/www.paej-lepassage.fr\/index.php?rest_route=\/wp\/v2\/users\/2"}],"replies":[{"embeddable":true,"href":"https:\/\/www.paej-lepassage.fr\/index.php?rest_route=%2Fwp%2Fv2%2Fcomments&post=8690"}],"version-history":[{"count":21,"href":"https:\/\/www.paej-lepassage.fr\/index.php?rest_route=\/wp\/v2\/pages\/8690\/revisions"}],"predecessor-version":[{"id":9107,"href":"https:\/\/www.paej-lepassage.fr\/index.php?rest_route=\/wp\/v2\/pages\/8690\/revisions\/9107"}],"wp:attachment":[{"href":"https:\/\/www.paej-lepassage.fr\/index.php?rest_route=%2Fwp%2Fv2%2Fmedia&parent=8690"}],"curies":[{"name":"wp","href":"https:\/\/api.w.org\/{rel}","templated":true}]}}