{"id":8630,"date":"2021-07-28T09:58:40","date_gmt":"2021-07-28T07:58:40","guid":{"rendered":"http:\/\/www.paej-lepassage.fr\/?page_id=8630"},"modified":"2023-07-05T12:48:44","modified_gmt":"2023-07-05T10:48:44","slug":"numeros-utiles","status":"publish","type":"page","link":"https:\/\/www.paej-lepassage.fr\/?page_id=8630","title":{"rendered":"Contacts et num\u00e9ros utiles"},"content":{"rendered":"[vc_row][vc_column][mk_icon_box_gradient icon=\u00a0\u00bbmk-moon-home-2&Prime; holder_shape=\u00a0\u00bbpentagon\u00a0\u00bb container_color=\u00a0\u00bb#dd8500&Prime; icon_color=\u00a0\u00bb#ffffff\u00a0\u00bb title=\u00a0\u00bbVAUCLUSE\u00a0\u00bb title_weight=\u00a0\u00bbnormal\u00a0\u00bb title_color=\u00a0\u00bb#fcb400&Prime; title_top_padding=\u00a0\u00bb30&Prime; title_bottom_padding=\u00a0\u00bb30&Prime; content_color=\u00a0\u00bb#dd9933&Prime;][\/mk_icon_box_gradient][mk_fancy_title strip_tags=\u00a0\u00bbtrue\u00a0\u00bb color=\u00a0\u00bb#fcb400&Prime; size=\u00a0\u00bb38&Prime; font_family=\u00a0\u00bbnone\u00a0\u00bb align=\u00a0\u00bbcenter\u00a0\u00bb]BESOIN D&rsquo;AIDE ?[\/mk_fancy_title][mk_fancy_title strip_tags=\u00a0\u00bbtrue\u00a0\u00bb color=\u00a0\u00bb#fcb400&Prime; size=\u00a0\u00bb20&Prime; font_family=\u00a0\u00bbnone\u00a0\u00bb align=\u00a0\u00bbcenter\u00a0\u00bb]\n<h3 style=\"text-align: center;\"><em>Vous vous sentez mal, vous souhaitez parler \u00e0 un\u00b7e professionnel\u00b7le de vos id\u00e9es suicidaires<br \/>\n<\/em><\/h3>\n<h3 style=\"text-align: center;\"><em><strong>Vous \u00eates inquiet\u00b7\u00e8te pour quelqu&rsquo;un<\/strong><\/em><\/h3>\n[\/mk_fancy_title][vc_column_text][\/vc_column_text][\/vc_column][\/vc_row][vc_row][vc_column width=\u00a0\u00bb1\/3&Prime;][mk_fancy_title color=\u00a0\u00bb#de0822&Prime; size=\u00a0\u00bb36&Prime; force_font_size=\u00a0\u00bbtrue\u00a0\u00bb size_smallscreen=\u00a0\u00bb30&Prime; size_tablet=\u00a0\u00bb30&Prime; size_phone=\u00a0\u00bb30&Prime; font_weight=\u00a0\u00bb900&Prime; font_style=\u00a0\u00bbnormal\u00a0\u00bb txt_transform=\u00a0\u00bbnone\u00a0\u00bb letter_spacing=\u00a0\u00bb1&Prime; margin_top=\u00a0\u00bb62&Prime; margin_bottom=\u00a0\u00bb77&Prime; font_family=\u00a0\u00bbnone\u00a0\u00bb align=\u00a0\u00bbcenter\u00a0\u00bb animation=\u00a0\u00bbscale-up\u00a0\u00bb]\n<p style=\"text-align: center;\">CARPENTRAS<\/p>\n[\/mk_fancy_title][vc_empty_space height=\u00a0\u00bb47px\u00a0\u00bb][vc_column_text disable_pattern=\u00a0\u00bbfalse\u00a0\u00bb align=\u00a0\u00bbcenter\u00a0\u00bb]\n<p style=\"text-align: center;\"><strong>Point Accueil et \u00c9coute \u00ab\u00a0Le Passage\u00a0\u00bb<\/strong><br \/>\n<strong>(PAEJ)<\/strong><\/p>\n<p style=\"text-align: center;\">157 rue Duplessis<br \/>\n84200 CARPENTRAS<br \/>\n04.90.67.07.28<\/p>\n<p style=\"text-align: center;\"><em>Accueil et \u00c9coute pour les 10-25 ans et leurs proches<\/em><br \/>\n<em> Anonyme, confidentiel &amp; gratuit<\/em><\/p>\n[\/vc_column_text][\/vc_column][vc_column width=\u00a0\u00bb1\/3&Prime;][mk_fancy_title color=\u00a0\u00bb#fbc400&Prime; size=\u00a0\u00bb36&Prime; force_font_size=\u00a0\u00bbtrue\u00a0\u00bb size_smallscreen=\u00a0\u00bb30&Prime; size_tablet=\u00a0\u00bb30&Prime; size_phone=\u00a0\u00bb30&Prime; font_weight=\u00a0\u00bb900&Prime; font_style=\u00a0\u00bbnormal\u00a0\u00bb txt_transform=\u00a0\u00bbnone\u00a0\u00bb letter_spacing=\u00a0\u00bb1&Prime; margin_top=\u00a0\u00bb62&Prime; margin_bottom=\u00a0\u00bb77&Prime; font_family=\u00a0\u00bbnone\u00a0\u00bb align=\u00a0\u00bbcenter\u00a0\u00bb animation=\u00a0\u00bbscale-up\u00a0\u00bb]\n<p style=\"text-align: center;\">AVIGNON<\/p>\n[\/mk_fancy_title][vc_empty_space height=\u00a0\u00bb47px\u00a0\u00bb][vc_column_text align=\u00a0\u00bbcenter\u00a0\u00bb]\n<p style=\"text-align: center;\"><span style=\"color: #3366ff;\"><a style=\"color: #3366ff;\" href=\"https:\/\/mda84.fr\/\"><strong>Maison des Adolescents<\/strong><\/a><\/span><\/p>\n<p style=\"text-align: center;\">R\u00e9sidence \u00ab Villa Toscane \u00bb<br \/>\n48 avenue des Sources \u00e0 Avignon<br \/>\n04.90.84.01.88<\/p>\n<p style=\"text-align: center;\"><strong>Point Accueil &amp; \u00c9coute Jeunes d\u2019Avignon<\/strong><\/p>\n<p style=\"text-align: center;\">2 place Alexandre Farn\u00e8se<br \/>\n06.16.57.88.93 ou 04.90.87.43.69<\/p>\n<p style=\"text-align: center;\"><em>Accueil et \u00c9coute pour les 12-25 ans et leurs proches<\/em><br \/>\n<em> Anonyme, confidentiel &amp; gratuit<\/em><\/p>\n[\/vc_column_text][\/vc_column][vc_column width=\u00a0\u00bb1\/3&Prime;][mk_fancy_title color=\u00a0\u00bb#00a377&Prime; size=\u00a0\u00bb36&Prime; force_font_size=\u00a0\u00bbtrue\u00a0\u00bb size_smallscreen=\u00a0\u00bb30&Prime; size_tablet=\u00a0\u00bb30&Prime; size_phone=\u00a0\u00bb30&Prime; font_weight=\u00a0\u00bb900&Prime; font_style=\u00a0\u00bbnormal\u00a0\u00bb txt_transform=\u00a0\u00bbnone\u00a0\u00bb letter_spacing=\u00a0\u00bb1&Prime; margin_top=\u00a0\u00bb62&Prime; margin_bottom=\u00a0\u00bb77&Prime; font_family=\u00a0\u00bbnone\u00a0\u00bb align=\u00a0\u00bbcenter\u00a0\u00bb animation=\u00a0\u00bbscale-up\u00a0\u00bb]DANS TOUTES LES VILLES[\/mk_fancy_title][mk_custom_list style=\u00a0\u00bbmk-icon-ok\u00a0\u00bb margin_bottom=\u00a0\u00bb64&Prime;]\n<p style=\"text-align: center;\"><em><strong>Adultes, adolescents ou enfants <\/strong><\/em><\/p>\n<p style=\"text-align: center;\"><em><strong>Vous pouvez parler \u00e0 toute personne en qui vous avez confiance :<\/strong><\/em><\/p>\n<ul>\n<li style=\"text-align: center;\"><strong>Les centres M\u00e9dico-Psychologiques pour Enfants et Adolescents (CMPEA-Gratuit)<\/strong>\n<p style=\"text-align: center;\">Liste et coordonn\u00e9es &#8211; Vaucluse<\/p>\n<p style=\"text-align: center;\"><span style=\"color: #3366ff;\"><a style=\"color: #3366ff;\" href=\"http:\/\/www.paej-lepassage.fr\/wp-content\/uploads\/2021\/07\/liste-des-cmpea.pdf\">liste-des-cmpea<\/a><\/span><\/p>\n<\/li>\n<li style=\"text-align: center;\"><strong>Les centres M\u00e9dico-Psychologiques pour Adultes (CMP-Gratuit)<\/strong>\n<p style=\"text-align: center;\">Liste et coordonn\u00e9es &#8211; Vaucluse<\/p>\n<p style=\"text-align: center;\"><span style=\"color: #3366ff;\"><a style=\"color: #3366ff;\" href=\"http:\/\/www.paej-lepassage.fr\/wp-content\/uploads\/2021\/07\/liste-cmp.pdf\">liste-cmp<\/a><\/span><\/p>\n<\/li>\n<li style=\"text-align: center;\"><strong>Votre m\u00e9decin g\u00e9n\u00e9raliste, un\u00b7e infirmi\u00e8r\u00b7e, sage-femme, etc.<\/strong><\/li>\n<li style=\"text-align: center;\"><strong>D&rsquo;autres professionnel\u00b7les en lib\u00e9ral ou dans des \u00e9tablissements : psychologue, psychiatre, sophrologue, travailleur\u00b7se social, professeur, etc.<\/strong><\/li>\n<\/ul>\n[\/mk_custom_list][vc_column_text]\n<p style=\"text-align: center;\">Carte des secteurs du d\u00e9partement du Vaucluse<\/p>\n<p style=\"text-align: center;\"><span style=\"color: #3366ff;\"><a style=\"color: #3366ff;\" href=\"http:\/\/www.paej-lepassage.fr\/wp-content\/uploads\/2021\/07\/adulte-trouver-mon-cmp.pdf\">adulte-trouver-mon-cmp<\/a><\/span><\/p>\n[\/vc_column_text][\/vc_column][\/vc_row][vc_row][vc_column][vc_separator][\/vc_column][\/vc_row][vc_row][vc_column][mk_fancy_title strip_tags=\u00a0\u00bbtrue\u00a0\u00bb color=\u00a0\u00bb#fcb400&Prime; size=\u00a0\u00bb20&Prime; font_family=\u00a0\u00bbnone\u00a0\u00bb align=\u00a0\u00bbcenter\u00a0\u00bb]\n<h3 style=\"text-align: center;\"><em>Vous \u00eates face \u00e0 une\u00a0urgence vitale ou un risque imm\u00e9diat<\/em><\/h3>\n[\/mk_fancy_title][vc_column_text align=\u00a0\u00bbcenter\u00a0\u00bb animation=\u00a0\u00bbbottom-to-top\u00a0\u00bb]Num\u00e9ros d&rsquo;urgence en France :<\/p>\n<p><strong>Pompiers : 18<\/strong><\/p>\n<p><strong>SAMU : 15<\/strong><\/p>\n<p><strong>N\u00b0 Appel europ\u00e9en : 112<\/strong><\/p>\n<p><strong>N\u00b0 pour personnes sourdes et malentendantes : 114\u00a0<\/strong><\/p>\n<p><strong>Police : 17<\/strong><\/p>\n<p><strong>Centre anti-poison de Marseille : 04 91 75 25 25<\/strong><\/p>\n<p>Ou si vous le pouvez, rendez vous aux <strong>urgences de l&rsquo;h\u00f4pital<\/strong> <strong>le plus proche du lieu o\u00f9 vous vous trouvez.<\/strong>[\/vc_column_text][vc_empty_space][mk_fancy_title strip_tags=\u00a0\u00bbtrue\u00a0\u00bb color=\u00a0\u00bb#fcb400&Prime; size=\u00a0\u00bb20&Prime; font_family=\u00a0\u00bbnone\u00a0\u00bb align=\u00a0\u00bbcenter\u00a0\u00bb]\n<h3 style=\"text-align: center;\"><em>Des accueils sp\u00e9cifiques aux urgences d&rsquo;ordre psychologique existent dans 3 villes du Vaucluse :<br \/>\n<\/em><\/h3>\n[\/mk_fancy_title][\/vc_column][\/vc_row][vc_row][vc_column width=\u00a0\u00bb1\/3&Prime;][mk_fancy_title color=\u00a0\u00bb#de0822&Prime; size=\u00a0\u00bb36&Prime; force_font_size=\u00a0\u00bbtrue\u00a0\u00bb size_smallscreen=\u00a0\u00bb30&Prime; size_tablet=\u00a0\u00bb30&Prime; size_phone=\u00a0\u00bb30&Prime; font_weight=\u00a0\u00bb900&Prime; font_style=\u00a0\u00bbnormal\u00a0\u00bb txt_transform=\u00a0\u00bbnone\u00a0\u00bb letter_spacing=\u00a0\u00bb1&Prime; margin_top=\u00a0\u00bb62&Prime; margin_bottom=\u00a0\u00bb77&Prime; font_family=\u00a0\u00bbnone\u00a0\u00bb align=\u00a0\u00bbcenter\u00a0\u00bb animation=\u00a0\u00bbscale-up\u00a0\u00bb]\n<p style=\"text-align: center;\">CARPENTRAS<\/p>\n[\/mk_fancy_title][mk_custom_list align=\u00a0\u00bbcenter\u00a0\u00bb]\n<p style=\"text-align: center;\"><strong>H\u00f4pital de Carpentras<\/strong><\/p>\n<p style=\"text-align: center;\"><strong>Unit\u00e9 d&rsquo;Accueil des Urgences Psychiatriques<\/strong><\/p>\n<p style=\"text-align: center;\">24, Rond point de l&rsquo;amiti\u00e9<\/p>\n<p style=\"text-align: center;\">04.32.85.88.05<\/p>\n[\/mk_custom_list][\/vc_column][vc_column width=\u00a0\u00bb1\/3&Prime;][mk_fancy_title color=\u00a0\u00bb#fbc400&Prime; size=\u00a0\u00bb36&Prime; force_font_size=\u00a0\u00bbtrue\u00a0\u00bb size_smallscreen=\u00a0\u00bb30&Prime; size_tablet=\u00a0\u00bb30&Prime; size_phone=\u00a0\u00bb30&Prime; font_weight=\u00a0\u00bb900&Prime; font_style=\u00a0\u00bbnormal\u00a0\u00bb txt_transform=\u00a0\u00bbnone\u00a0\u00bb letter_spacing=\u00a0\u00bb1&Prime; margin_top=\u00a0\u00bb62&Prime; margin_bottom=\u00a0\u00bb77&Prime; font_family=\u00a0\u00bbnone\u00a0\u00bb align=\u00a0\u00bbcenter\u00a0\u00bb animation=\u00a0\u00bbscale-up\u00a0\u00bb]\n<p style=\"text-align: center;\">AVIGNON<\/p>\n[\/mk_fancy_title][mk_custom_list]\n<p style=\"text-align: center;\"><strong>H\u00f4pital\u00a0Henri Duffaut<\/strong><\/p>\n<p style=\"text-align: center;\"><strong>Unit\u00e9 d&rsquo;Accueil des Urgences Psychiatriques<\/strong><\/p>\n<p style=\"text-align: center;\">305, Rue Raoul Follereau<\/p>\n<p style=\"text-align: center;\">04.32.75.31.96<\/p>\n[\/mk_custom_list][mk_custom_list]\n<p style=\"text-align: center;\"><strong>Centre Hospitalier de Montfavet <\/strong><\/p>\n<p style=\"text-align: center;\">Avenue de la Pin\u00e8de<\/p>\n<p style=\"text-align: center;\"><a href=\"https:\/\/www.google.com\/search?q=URGENCE%20PSYCHIATRIQUE%20AVIGNON&amp;rlz=1C1CHBF_frFR887FR887&amp;oq=URGENCE+PSYCHIATRIQUE+AVIGNON&amp;aqs=chrome..69i57j0i22i30.5229j0j15&amp;sourceid=chrome&amp;ie=UTF-8&amp;tbs=lf:1,lf_ui:2&amp;tbm=lcl&amp;sxsrf=ALeKk01ttDNNV_ga3IRlWe5-QD_dRoWQSA:1627562586751&amp;rflfq=1&amp;num=10&amp;rldimm=11327948665157373715&amp;lqi=Ch1VUkdFTkNFIFBTWUNISUFUUklRVUUgQVZJR05PThnONunJyes53VofIh11cmdlbmNlIHBzeWNoaWF0cmlxdWUgYXZpZ25vbpIBFHBzeWNoaWF0cmljX2hvc3BpdGFsqgEdEAEqGSIVdXJnZW5jZSBwc3ljaGlhdHJpcXVlKAQ&amp;ved=2ahUKEwjct9SOp4jyAhUwElkFHRuPCPUQvS4wBHoECAYQKg&amp;rlst=f\">04.90.03.90.00<\/a><\/p>\n[\/mk_custom_list][\/vc_column][vc_column width=\u00a0\u00bb1\/3&Prime;][mk_fancy_title color=\u00a0\u00bb#00a377&Prime; size=\u00a0\u00bb36&Prime; force_font_size=\u00a0\u00bbtrue\u00a0\u00bb size_smallscreen=\u00a0\u00bb30&Prime; size_tablet=\u00a0\u00bb30&Prime; size_phone=\u00a0\u00bb30&Prime; font_weight=\u00a0\u00bb900&Prime; font_style=\u00a0\u00bbnormal\u00a0\u00bb txt_transform=\u00a0\u00bbnone\u00a0\u00bb letter_spacing=\u00a0\u00bb1&Prime; margin_top=\u00a0\u00bb62&Prime; margin_bottom=\u00a0\u00bb77&Prime; font_family=\u00a0\u00bbnone\u00a0\u00bb align=\u00a0\u00bbcenter\u00a0\u00bb animation=\u00a0\u00bbscale-up\u00a0\u00bb]ORANGE[\/mk_fancy_title][mk_custom_list align=\u00a0\u00bbcenter\u00a0\u00bb]\n<p style=\"text-align: center;\"><strong>H\u00f4pital d&rsquo;Orange<\/strong><\/p>\n<p style=\"text-align: center;\"><strong>Unit\u00e9 d&rsquo;Accueil des Urgences Psychiatriques<\/strong><\/p>\n<p style=\"text-align: center;\">Avenue de Lavoisier<\/p>\n<p style=\"text-align: center;\">04.90.11.21.28<\/p>\n[\/mk_custom_list][\/vc_column][\/vc_row][vc_row][vc_column][vc_separator color=\u00a0\u00bbsandy_brown\u00a0\u00bb][\/vc_column][\/vc_row][vc_row][vc_column][mk_icon_box_gradient icon_size=\u00a0\u00bb32&Prime; icon=\u00a0\u00bbmk-moon-phone-6&Prime; holder_shape=\u00a0\u00bbstarz\u00a0\u00bb container_color=\u00a0\u00bb#dd8500&Prime; icon_color=\u00a0\u00bb#ffffff\u00a0\u00bb title=\u00a0\u00bbNum\u00e9ros d&rsquo;\u00e9coute\u00a0\u00bb title_size=\u00a0\u00bb30&Prime; title_weight=\u00a0\u00bbnormal\u00a0\u00bb title_color=\u00a0\u00bb#dd9933&Prime; title_top_padding=\u00a0\u00bb30&Prime; title_bottom_padding=\u00a0\u00bb30&Prime; content_color=\u00a0\u00bb#0a0a0a\u00a0\u00bb][\/mk_icon_box_gradient][vc_empty_space][\/vc_column][\/vc_row][vc_row][vc_column width=\u00a0\u00bb1\/2&Prime;][vc_column_text align=\u00a0\u00bbcenter\u00a0\u00bb]\n<p style=\"text-align: left;\"><span style=\"text-decoration: underline; color: #3366ff;\"><a style=\"color: #3366ff;\" href=\"https:\/\/3114.fr\/\"><strong>NUM\u00c9RO NATIONAL DE PR\u00c9VENTION DU SUICIDE <\/strong><\/a><\/span><\/p>\n<p style=\"text-align: left;\">n\u00b03114, \u00c9coute 7\/7 jours, 24h\/24h<\/p>\n<p style=\"text-align: left;\"><span style=\"text-decoration: underline;\"><span style=\"color: #3366ff;\"><strong><a style=\"color: #3366ff; text-decoration: underline;\" title=\"Site SOS Suicide Ph\u00e9nix (nouvelle fen\u00eatre)\" href=\"https:\/\/www.sos-suicide-phenix.org\" target=\"_blank\" rel=\"noopener noreferrer\">SOS Suicide Ph\u00e9nix<\/a><\/strong><\/span><\/span><br \/>\nAccueil et \u00e9coute de toute personne confront\u00e9e \u00e0 la probl\u00e9matique du suicide<br \/>\nPermanence d\u2019\u00e9coute t\u00e9l\u00e9phonique 7j\/7\u00a0 de 13 \u00e0 23h<\/p>\n<p style=\"text-align: left;\"><span style=\"text-decoration: underline;\"><span style=\"color: #3366ff;\"><strong><a style=\"color: #3366ff; text-decoration: underline;\" title=\"Site SOS Amiti\u00e9 (nouvelle fen\u00eatre)\" href=\"https:\/\/www.sos-amitie.org\/\" target=\"_blank\" rel=\"noopener noreferrer\">SOS Amiti\u00e9<\/a>\u00a0<\/strong><\/span><\/span><br \/>\nService d\u2019\u00e9coute destin\u00e9 \u00e0 accueillir la parole de celles et ceux qui, \u00e0 un moment de leur vie, traversent une p\u00e9riode difficile<br \/>\nPermanences\u00a0: \u00e9coute t\u00e9l\u00e9phonique 24h\/24 et 7j\/7<br \/>\nT\u00e9l. : 09 72 39 40 50 (retrouvez les num\u00e9ros d\u2019appel r\u00e9gionaux sur le site de l\u2019association)<br \/>\nT\u00e9l. : 01 40 44 46 45<\/p>\n[\/vc_column_text][\/vc_column][vc_column width=\u00a0\u00bb1\/2&Prime;][vc_column_text align=\u00a0\u00bbcenter\u00a0\u00bb]\n<p style=\"text-align: left;\"><strong><span style=\"text-decoration: underline;\"><a href=\"https:\/\/www.filsantejeunes.com\/\"><span style=\"color: #3366ff; text-decoration: underline;\">Fil Sant\u00e9 Jeune<\/span><\/a><span style=\"color: #3366ff; text-decoration: underline;\">s<\/span><\/span><\/strong> \u00a0 \u00a0 \u00a0\u00a0\u00a0\u00a0\u00a0\u00a0\u00a0\u00a0\u00a0\u00a0\u00a0\u00a0\u00a0\u00a0\u00a0\u00a0\u00a0\u00a0\u00a0\u00a0\u00a0\u00a0\u00a0\u00a0\u00a0\u00a0\u00a0\u00a0\u00a0\u00a0\u00a0\u00a0\u00a0\u00a0\u00a0\u00a0\u00a0\u00a0\u00a0\u00a0\u00a0\u00a0\u00a0\u00a0\u00a0\u00a0\u00a0\u00a0\u00a0\u00a0\u00a0\u00a0\u00a0\u00a0\u00a0\u00a0\u00a0\u00a0\u00a0\u00a0\u00a0\u00a0\u00a0\u00a0\u00a0\u00a0\u00a0\u00a0\u00a0\u00a0\u00a0\u00a0\u00a0\u00a0\u00a0\u00a0\u00a0\u00a0\u00a0\u00a0\u00a0\u00a0\u00a0\u00a0\u00a0\u00a0\u00a0\u00a0\u00a0\u00a0 \u00c9coute, information et orientation des jeunes dans les domaines de la sant\u00e9 physique, psychologique et sociale<br \/>\nPermanence d\u2019\u00e9coute t\u00e9l\u00e9phonique anonyme et gratuite 7j\/7, de 9 h \u00e0 23h<br \/>\nT\u00e9l.\u00a0: 0800 235 236<\/p>\n<p style=\"text-align: left;\"><span style=\"color: #3366ff;\"><strong><a style=\"color: #3366ff;\" title=\"Site Phare Enfants-Parents (nouvelle fen\u00eatre)\" href=\"http:\/\/phare.org\" target=\"_blank\" rel=\"noopener noreferrer\">Phare Enfants-Parents<\/a><\/strong><\/span><br \/>\nAccueil et \u00e9coute t\u00e9l\u00e9phonique des parents d\u2019enfants suicid\u00e9s ou en situation de mal-\u00eatre<br \/>\nT\u00e9l : 01 43 46 00 62 (du lundi au vendredi de 10 h \u00e0 17 h)<\/p>\n<p style=\"text-align: left;\"><span style=\"color: #3366ff;\"><strong><a style=\"color: #3366ff;\" title=\"Site Suicide \u00c9coute (nouvelle fen\u00eatre)\" href=\"http:\/\/www.suicide-ecoute.fr\" target=\"_blank\" rel=\"noopener noreferrer\">Suicide \u00c9coute<\/a>\u00a0<\/strong><\/span><br \/>\n\u00c9coute des personnes confront\u00e9es au suicide<br \/>\nPermanence d\u2019\u00e9coute t\u00e9l\u00e9phonique 24h\/24 et 7j\/7<br \/>\nT\u00e9l.\u00a0: 01 45 39 40 00<\/p>\n[\/vc_column_text][\/vc_column][\/vc_row][vc_row][vc_column][\/vc_column][\/vc_row][vc_row][vc_column][\/vc_column][\/vc_row]\n","protected":false},"excerpt":{"rendered":"<p>[vc_row][vc_column][mk_icon_box_gradient icon=\u00a0\u00bbmk-moon-home-2&Prime; holder_shape=\u00a0\u00bbpentagon\u00a0\u00bb container_color=\u00a0\u00bb#dd8500&Prime; icon_color=\u00a0\u00bb#ffffff\u00a0\u00bb title=\u00a0\u00bbVAUCLUSE\u00a0\u00bb title_weight=\u00a0\u00bbnormal\u00a0\u00bb title_color=\u00a0\u00bb#fcb400&Prime; title_top_padding=\u00a0\u00bb30&Prime; title_bottom_padding=\u00a0\u00bb30&Prime; content_color=\u00a0\u00bb#dd9933&Prime;][\/mk_icon_box_gradient][mk_fancy_title strip_tags=\u00a0\u00bbtrue\u00a0\u00bb color=\u00a0\u00bb#fcb400&Prime; size=\u00a0\u00bb38&Prime; font_family=\u00a0\u00bbnone\u00a0\u00bb align=\u00a0\u00bbcenter\u00a0\u00bb]BESOIN D&rsquo;AIDE ?[\/mk_fancy_title][mk_fancy_title strip_tags=\u00a0\u00bbtrue\u00a0\u00bb color=\u00a0\u00bb#fcb400&Prime; size=\u00a0\u00bb20&Prime; font_family=\u00a0\u00bbnone\u00a0\u00bb align=\u00a0\u00bbcenter\u00a0\u00bb] Vous vous sentez mal, vous souhaitez parler \u00e0 un\u00b7e professionnel\u00b7le de vos id\u00e9es suicidaires Vous \u00eates inquiet\u00b7\u00e8te pour quelqu&rsquo;un [\/mk_fancy_title][vc_column_text][\/vc_column_text][\/vc_column][\/vc_row][vc_row][vc_column width=\u00a0\u00bb1\/3&Prime;][mk_fancy_title color=\u00a0\u00bb#de0822&Prime; size=\u00a0\u00bb36&Prime; force_font_size=\u00a0\u00bbtrue\u00a0\u00bb size_smallscreen=\u00a0\u00bb30&Prime; size_tablet=\u00a0\u00bb30&Prime; size_phone=\u00a0\u00bb30&Prime; font_weight=\u00a0\u00bb900&Prime; font_style=\u00a0\u00bbnormal\u00a0\u00bb txt_transform=\u00a0\u00bbnone\u00a0\u00bb letter_spacing=\u00a0\u00bb1&Prime; margin_top=\u00a0\u00bb62&Prime; [&hellip;]<\/p>\n","protected":false},"author":2,"featured_media":0,"parent":0,"menu_order":0,"comment_status":"closed","ping_status":"closed","template":"","meta":{"_monsterinsights_skip_tracking":false,"_monsterinsights_sitenote_active":false,"_monsterinsights_sitenote_note":"","_monsterinsights_sitenote_category":0,"footnotes":""},"class_list":["post-8630","page","type-page","status-publish","hentry"],"_links":{"self":[{"href":"https:\/\/www.paej-lepassage.fr\/index.php?rest_route=\/wp\/v2\/pages\/8630","targetHints":{"allow":["GET"]}}],"collection":[{"href":"https:\/\/www.paej-lepassage.fr\/index.php?rest_route=\/wp\/v2\/pages"}],"about":[{"href":"https:\/\/www.paej-lepassage.fr\/index.php?rest_route=\/wp\/v2\/types\/page"}],"author":[{"embeddable":true,"href":"https:\/\/www.paej-lepassage.fr\/index.php?rest_route=\/wp\/v2\/users\/2"}],"replies":[{"embeddable":true,"href":"https:\/\/www.paej-lepassage.fr\/index.php?rest_route=%2Fwp%2Fv2%2Fcomments&post=8630"}],"version-history":[{"count":149,"href":"https:\/\/www.paej-lepassage.fr\/index.php?rest_route=\/wp\/v2\/pages\/8630\/revisions"}],"predecessor-version":[{"id":9132,"href":"https:\/\/www.paej-lepassage.fr\/index.php?rest_route=\/wp\/v2\/pages\/8630\/revisions\/9132"}],"wp:attachment":[{"href":"https:\/\/www.paej-lepassage.fr\/index.php?rest_route=%2Fwp%2Fv2%2Fmedia&parent=8630"}],"curies":[{"name":"wp","href":"https:\/\/api.w.org\/{rel}","templated":true}]}}