{"id":8331,"date":"2016-10-16T15:12:24","date_gmt":"2016-10-16T13:12:24","guid":{"rendered":"http:\/\/www.paej-lepassage.fr\/?page_id=8331"},"modified":"2022-07-27T11:30:25","modified_gmt":"2022-07-27T09:30:25","slug":"partenaires","status":"publish","type":"page","link":"https:\/\/www.paej-lepassage.fr\/?page_id=8331","title":{"rendered":"Partenaires"},"content":{"rendered":"[mk_page_section padding_top=\u00a0\u00bb50&Prime; section_id=\u00a0\u00bbpartenaires\u00a0\u00bb sidebar=\u00a0\u00bbsidebar-1&Prime;][vc_column][vc_row_inner][vc_column_inner][mk_fancy_title tag_name=\u00a0\u00bbh1&Prime; color=\u00a0\u00bb#f9d66d\u00a0\u00bb size=\u00a0\u00bb75&Prime; force_font_size=\u00a0\u00bbtrue\u00a0\u00bb size_smallscreen=\u00a0\u00bb40&Prime; size_tablet=\u00a0\u00bb35&Prime; size_phone=\u00a0\u00bb20&Prime; font_weight=\u00a0\u00bb900&Prime; font_style=\u00a0\u00bbnormal\u00a0\u00bb txt_transform=\u00a0\u00bbcapitalize\u00a0\u00bb font_family=\u00a0\u00bbnone\u00a0\u00bb align=\u00a0\u00bbcenter\u00a0\u00bb]NOS PARTENAIRES :[\/mk_fancy_title][\/vc_column_inner][\/vc_row_inner][vc_empty_space height=\u00a0\u00bb25px\u00a0\u00bb][\/vc_column][\/mk_page_section][mk_page_section padding_top=\u00a0\u00bb50&Prime; section_id=\u00a0\u00bbpartenaires\u00a0\u00bb sidebar=\u00a0\u00bbsidebar-1&Prime;][vc_column][vc_row_inner][vc_column_inner][mk_fancy_title tag_name=\u00a0\u00bbh1&Prime; color=\u00a0\u00bb#000000&Prime; font_weight=\u00a0\u00bbbold\u00a0\u00bb font_style=\u00a0\u00bbnormal\u00a0\u00bb txt_transform=\u00a0\u00bbnone\u00a0\u00bb font_family=\u00a0\u00bbnone\u00a0\u00bb]<strong>Les principaux partenaires financeurs du PAEJ sont :<\/strong>[\/mk_fancy_title][mk_image src=\u00a0\u00bbhttp:\/\/www.paej-lepassage.fr\/wp-content\/uploads\/2016\/10\/sans-titre.png\u00a0\u00bb image_size=\u00a0\u00bblarge\u00a0\u00bb lightbox=\u00a0\u00bbtrue\u00a0\u00bb][\/vc_column_inner][\/vc_row_inner][vc_separator color=\u00a0\u00bbcustom\u00a0\u00bb accent_color=\u00a0\u00bb#05a378&Prime; css=\u00a0\u00bb.vc_custom_1476623094716{padding-top: 25px !important;padding-bottom: 50px !important;}\u00a0\u00bb][vc_row_inner][vc_column_inner][mk_fancy_title color=\u00a0\u00bb#000000&Prime; size=\u00a0\u00bb15&Prime; font_family=\u00a0\u00bbnone\u00a0\u00bb]\n<p class=\"texte\" align=\"justify\">Le Passage est adh\u00e9rent \u00e0 l&rsquo;Association Nationale des Points Accueil \u00c9coute Jeunes (l&rsquo;ANPAEJ).<\/p>\n<p align=\"justify\"><span class=\"Style6\">\u00a0<\/span><\/p>\n[\/mk_fancy_title][mk_image src=\u00a0\u00bbhttp:\/\/www.paej-lepassage.fr\/wp-content\/uploads\/2016\/10\/sans-titre123.png\u00a0\u00bb image_size=\u00a0\u00bblarge\u00a0\u00bb lightbox=\u00a0\u00bbtrue\u00a0\u00bb][mk_fancy_title color=\u00a0\u00bb#000000&Prime; size=\u00a0\u00bb15&Prime; font_family=\u00a0\u00bbnone\u00a0\u00bb]\n<p align=\"justify\"><strong><span class=\"Style1\">Les textes de r\u00e9f\u00e9rence :<\/span><\/strong><\/p>\n<p align=\"justify\">&#8211; Circulaire minist\u00e9rielle du 12 mars 2002<br \/>\nCIRCULAIRE DGS \/ DGAS n\u00b0 2002\/145<\/p>\n<p align=\"justify\"><strong>Relative \u00e0 la mise en \u0153uvre d&rsquo;un dispositif unifi\u00e9 des points d&rsquo;accueil et d&rsquo;\u00e9coute jeunes<\/strong><\/p>\n<p align=\"justify\"><strong>&#8211; <\/strong>Circulaire minist\u00e9rielle du 06 janvier 2005<br \/>\nCIRCULAIRE DGAS n\u00b0 DGAS\/LCE 1A\/2005\/12<\/p>\n<p><strong>Relative au plan triennal de cr\u00e9ation de 300 Points d&rsquo;Accueil et d&rsquo;Ecoute Jeunes (2005 -2007) dans le cadre du plan de coh\u00e9sion sociale.<\/strong>[\/mk_fancy_title][mk_fancy_title color=\u00a0\u00bb#000000&Prime; size=\u00a0\u00bb15&Prime; font_family=\u00a0\u00bbnone\u00a0\u00bb]\n<p align=\"justify\"><em><span class=\"Style2\"><strong>Pour le jeune<\/strong><br \/>\n-l&rsquo;accessibilit\u00e9 maximale d&rsquo;un lieu ouvert \u00e0\u00a0tous,<br \/>\n-un accueil singulier, une \u00e9coute, le temps de l&rsquo;hospitalit\u00e9 n\u00e9cessaire,<br \/>\n-le libre choix, condition indispensable de la rencontre et de l&rsquo;\u00e9coute,<br \/>\n-la garantie de la confidentialit\u00e9 et le respect de l&rsquo;anonymat,<br \/>\n-la libre adh\u00e9sion de la personne pour toute d\u00e9marche la concernant, sauf en cas de force majeure et l&rsquo;acc\u00e8s de la personne \u00e0\u00a0toute information la concernant,<br \/>\n-l&rsquo;information loyale sur le fonctionnement du lieu, ses r\u00e8gles, ses buts et ses limites,<\/span><\/em><\/p>\n<p align=\"justify\"><span class=\"texte\"><em><strong>Pour les professionnels<\/strong><br \/>\n<\/em><\/span><span class=\"Style6\">-une \u00e9quipe disponible \u00e0\u00a0l&rsquo;accueil et \u00e0\u00a0la rencontre,<br \/>\n-une attitude professionnelle d&rsquo;engagement vis \u00e0\u00a0vis de la personne,<br \/>\n-un devoir de vigilance dans la vie de la cit\u00e9,<br \/>\n-un travail d&rsquo;\u00e9quipe dans la confiance, dans un climat o\u00f9\u00a0l&rsquo;humour et la convivialit\u00e9 ont leur place,<br \/>\n-une interrogation r\u00e9guli\u00e8re de la pratique avec un intervenant ext\u00e9rieur,<br \/>\n-une obligation de formation continue,<br \/>\n-un souci permanent de conna\u00eetre, d&rsquo;interroger et d&rsquo;\u00e9valuer avec nos partenaires l&rsquo;articulation de nos lieux et de nos pratiques.<\/span><\/p>\n[\/mk_fancy_title][\/vc_column_inner][\/vc_row_inner][vc_empty_space height=\u00a0\u00bb25px\u00a0\u00bb][\/vc_column][\/mk_page_section]\n","protected":false},"excerpt":{"rendered":"<p>[mk_page_section padding_top=\u00a0\u00bb50&Prime; section_id=\u00a0\u00bbpartenaires\u00a0\u00bb sidebar=\u00a0\u00bbsidebar-1&Prime;][vc_column][vc_row_inner][vc_column_inner][mk_fancy_title tag_name=\u00a0\u00bbh1&Prime; color=\u00a0\u00bb#f9d66d\u00a0\u00bb size=\u00a0\u00bb75&Prime; force_font_size=\u00a0\u00bbtrue\u00a0\u00bb size_smallscreen=\u00a0\u00bb40&Prime; size_tablet=\u00a0\u00bb35&Prime; size_phone=\u00a0\u00bb20&Prime; font_weight=\u00a0\u00bb900&Prime; font_style=\u00a0\u00bbnormal\u00a0\u00bb txt_transform=\u00a0\u00bbcapitalize\u00a0\u00bb font_family=\u00a0\u00bbnone\u00a0\u00bb align=\u00a0\u00bbcenter\u00a0\u00bb]NOS PARTENAIRES :[\/mk_fancy_title][\/vc_column_inner][\/vc_row_inner][vc_empty_space height=\u00a0\u00bb25px\u00a0\u00bb][\/vc_column][\/mk_page_section][mk_page_section padding_top=\u00a0\u00bb50&Prime; section_id=\u00a0\u00bbpartenaires\u00a0\u00bb sidebar=\u00a0\u00bbsidebar-1&Prime;][vc_column][vc_row_inner][vc_column_inner][mk_fancy_title tag_name=\u00a0\u00bbh1&Prime; color=\u00a0\u00bb#000000&Prime; font_weight=\u00a0\u00bbbold\u00a0\u00bb font_style=\u00a0\u00bbnormal\u00a0\u00bb txt_transform=\u00a0\u00bbnone\u00a0\u00bb font_family=\u00a0\u00bbnone\u00a0\u00bb]Les principaux partenaires financeurs du PAEJ sont :[\/mk_fancy_title][mk_image src=\u00a0\u00bbhttp:\/\/www.paej-lepassage.fr\/wp-content\/uploads\/2016\/10\/sans-titre.png\u00a0\u00bb image_size=\u00a0\u00bblarge\u00a0\u00bb lightbox=\u00a0\u00bbtrue\u00a0\u00bb][\/vc_column_inner][\/vc_row_inner][vc_separator color=\u00a0\u00bbcustom\u00a0\u00bb accent_color=\u00a0\u00bb#05a378&Prime; css=\u00a0\u00bb.vc_custom_1476623094716{padding-top: 25px !important;padding-bottom: 50px !important;}\u00a0\u00bb][vc_row_inner][vc_column_inner][mk_fancy_title color=\u00a0\u00bb#000000&Prime; size=\u00a0\u00bb15&Prime; font_family=\u00a0\u00bbnone\u00a0\u00bb] Le Passage est adh\u00e9rent \u00e0 l&rsquo;Association Nationale [&hellip;]<\/p>\n","protected":false},"author":3,"featured_media":0,"parent":0,"menu_order":0,"comment_status":"closed","ping_status":"closed","template":"","meta":{"_monsterinsights_skip_tracking":false,"_monsterinsights_sitenote_active":false,"_monsterinsights_sitenote_note":"","_monsterinsights_sitenote_category":0,"footnotes":""},"class_list":["post-8331","page","type-page","status-publish","hentry"],"_links":{"self":[{"href":"https:\/\/www.paej-lepassage.fr\/index.php?rest_route=\/wp\/v2\/pages\/8331","targetHints":{"allow":["GET"]}}],"collection":[{"href":"https:\/\/www.paej-lepassage.fr\/index.php?rest_route=\/wp\/v2\/pages"}],"about":[{"href":"https:\/\/www.paej-lepassage.fr\/index.php?rest_route=\/wp\/v2\/types\/page"}],"author":[{"embeddable":true,"href":"https:\/\/www.paej-lepassage.fr\/index.php?rest_route=\/wp\/v2\/users\/3"}],"replies":[{"embeddable":true,"href":"https:\/\/www.paej-lepassage.fr\/index.php?rest_route=%2Fwp%2Fv2%2Fcomments&post=8331"}],"version-history":[{"count":25,"href":"https:\/\/www.paej-lepassage.fr\/index.php?rest_route=\/wp\/v2\/pages\/8331\/revisions"}],"predecessor-version":[{"id":9125,"href":"https:\/\/www.paej-lepassage.fr\/index.php?rest_route=\/wp\/v2\/pages\/8331\/revisions\/9125"}],"wp:attachment":[{"href":"https:\/\/www.paej-lepassage.fr\/index.php?rest_route=%2Fwp%2Fv2%2Fmedia&parent=8331"}],"curies":[{"name":"wp","href":"https:\/\/api.w.org\/{rel}","templated":true}]}}